{"id":32777,"date":"2019-11-12T15:57:24","date_gmt":"2022-07-27T18:50:40","guid":{"rendered":"https:\/\/hulistore.eu\/product\/netzbeutel-aus-bio-baumwolle-mesh-3er-set\/"},"modified":"2022-08-03T14:14:55","modified_gmt":"2022-08-03T13:14:55","slug":"netzbeutel-aus-bio-baumwolle-mesh-3er-set","status":"publish","type":"product","link":"https:\/\/www.hulistore.eu\/de\/produkt\/netzbeutel-aus-bio-baumwolle-mesh-3er-set\/","title":{"rendered":"Netzbeutel aus Bio-Baumwolle Mesh (3er-Set)"},"content":{"rendered":"<ul>\n<li>Verschluss mit Kordelzug<\/li>\n<li>GOTS-zertifizierte organische und ungebleichte Baumwolle<\/li>\n<li>100 % biologisch abbaubar und kompostierbar (am besten vor dem Kompostieren in kleinere St\u00fccke schneiden)<\/li>\n<li>Superleicht, fast so leicht wie die Einweg-Plastikflaschen, kompakt und dehnbar<\/li>\n<li>Leicht zu reinigen &#8211; Maschinenw\u00e4sche bei 30\u00b0C und zum Trocknen aufh\u00e4ngen<\/li>\n<li>Set enth\u00e4lt 3 Gr\u00f6\u00dfen: S (18 x 23 cm), M (26 x 30 cm), L (30 x 35 cm)<\/li>\n<\/ul>\n","protected":false},"excerpt":{"rendered":"<p>Unsere Netzbeutel sind so konzipiert, dass sie Plastikt\u00fcten ersetzen und unserem Planeten helfen!<br \/>\nSie eignen sich perfekt f\u00fcr Lebensmitteleink\u00e4ufe wie Obst und Gem\u00fcse und als Waschbeutel.<\/p>\n<p><strong>Set mit 3 Taschen:<\/strong><br \/>\nS (18 x 23 cm)<br \/>\nM (26 x 30 cm)<br \/>\nL (30 x 35 cm)<\/p>\n","protected":false},"featured_media":32772,"template":"","meta":{"_monsterinsights_skip_tracking":false,"_monsterinsights_sitenote_active":false,"_monsterinsights_sitenote_note":"","_monsterinsights_sitenote_category":0,"_glsr_average":0,"_glsr_ranking":0,"_glsr_reviews":0},"product_brand":[],"product_cat":[1005,1015,1016],"product_tag":[1037],"class_list":{"0":"post-32777","1":"product","2":"type-product","3":"status-publish","4":"has-post-thumbnail","6":"product_cat-alles-zeigen","7":"product_cat-einkauftaschen-aus-bio-baumwolle","8":"product_cat-unterwegs","9":"product_tag-organiccottonbag","11":"first","12":"outofstock","13":"shipping-taxable","14":"purchasable","15":"product-type-simple"},"_links":{"self":[{"href":"https:\/\/www.hulistore.eu\/de\/wp-json\/wp\/v2\/product\/32777","targetHints":{"allow":["GET"]}}],"collection":[{"href":"https:\/\/www.hulistore.eu\/de\/wp-json\/wp\/v2\/product"}],"about":[{"href":"https:\/\/www.hulistore.eu\/de\/wp-json\/wp\/v2\/types\/product"}],"version-history":[{"count":0,"href":"https:\/\/www.hulistore.eu\/de\/wp-json\/wp\/v2\/product\/32777\/revisions"}],"wp:featuredmedia":[{"embeddable":true,"href":"https:\/\/www.hulistore.eu\/de\/wp-json\/wp\/v2\/media\/32772"}],"wp:attachment":[{"href":"https:\/\/www.hulistore.eu\/de\/wp-json\/wp\/v2\/media?parent=32777"}],"wp:term":[{"taxonomy":"product_brand","embeddable":true,"href":"https:\/\/www.hulistore.eu\/de\/wp-json\/wp\/v2\/product_brand?post=32777"},{"taxonomy":"product_cat","embeddable":true,"href":"https:\/\/www.hulistore.eu\/de\/wp-json\/wp\/v2\/product_cat?post=32777"},{"taxonomy":"product_tag","embeddable":true,"href":"https:\/\/www.hulistore.eu\/de\/wp-json\/wp\/v2\/product_tag?post=32777"}],"curies":[{"name":"wp","href":"https:\/\/api.w.org\/{rel}","templated":true}]}}