{"id":33628,"date":"2020-11-18T15:40:09","date_gmt":"2020-11-18T14:40:09","guid":{"rendered":"https:\/\/hulistore.eu\/product\/edelstahl-strohhalm-8-mm-gebogener-regenbogen\/"},"modified":"2020-11-18T15:40:09","modified_gmt":"2020-11-18T14:40:09","slug":"edelstahl-strohhalm-8-mm-gebogener-regenbogen","status":"publish","type":"product","link":"https:\/\/www.hulistore.eu\/de\/produkt\/edelstahl-strohhalm-8-mm-gebogener-regenbogen\/","title":{"rendered":"Edelstahl-Strohhalm 8 mm gebogen regenbogen"},"content":{"rendered":"<p>Dieser Strohhalm h\u00e4lt ein Leben lang und hilft Ihnen, den Einsatz von Plastik zu reduzieren und nachhaltiger zu leben.<\/p>\n<p>Er ist perfekt f\u00fcr Smoothies, S\u00e4fte, Limonaden, Eiskaffee und andere Getr\u00e4nke.<\/p>\n<p><strong>Durchmesser: 8 mm<\/strong><br \/><strong>L\u00e4nge: 21,5 cm<\/strong><br \/><strong>Form: gebogen<\/strong><\/p>\n<ul>\n<li>Aus rostfreiem Edelstahl 304 (18\/8)<\/li>\n<li>Sp\u00fclmaschinenfest<\/li>\n<li>Sehr langlebig und widerstandsf\u00e4hig<\/li>\n<li>Glatte Kanten f\u00fcr das beste Erlebnis beim Schl\u00fcrfen Ihres Lieblinggetr\u00e4nks<\/li>\n<li>Hinterl\u00e4sst keinen Geschmack oder metallisches Gef\u00fchl im Mund<\/li>\n<li>Ver\u00e4ndert den Geschmack des Getr\u00e4nks nicht<\/li>\n<li>Keine R\u00fcckst\u00e4nde nach dem Waschen<\/li>\n<li>Denken Sie daran, es vor dem ersten Gebrauch mit Sp\u00fclmittel oder in der Sp\u00fclmaschine zu waschen<\/li>\n<li>Achten Sie darauf, es nicht mit zu hei\u00dfen Getr\u00e4nken zu verwenden<\/li>\n<\/ul>\n","protected":false},"excerpt":{"rendered":"<p>Dieser Strohhalm h\u00e4lt ein Leben lang und hilft Ihnen, den Einsatz von Plastik zu reduzieren und nachhaltiger zu leben.<\/p>\n<p>Er ist perfekt f\u00fcr Smoothies, S\u00e4fte, Limonaden, Eiskaffee und andere Getr\u00e4nke.<\/p>\n<p><strong>Durchmesser: 8 mm<\/strong><br \/><strong>L\u00e4nge: 21,5 cm<\/strong><br \/><strong>Form: gebogen<\/strong><\/p>\n","protected":false},"featured_media":34356,"template":"","meta":{"_monsterinsights_skip_tracking":false,"_monsterinsights_sitenote_active":false,"_monsterinsights_sitenote_note":"","_monsterinsights_sitenote_category":0,"_glsr_average":0,"_glsr_ranking":0,"_glsr_reviews":0},"product_brand":[],"product_cat":[988,1005,1004,1002,1016,1008],"product_tag":[1084],"class_list":{"0":"post-33628","1":"product","2":"type-product","3":"status-publish","4":"has-post-thumbnail","6":"product_cat-8-mm-strohhalm","7":"product_cat-alles-zeigen","8":"product_cat-kueche","9":"product_cat-stainless-steel-straws-de","10":"product_cat-unterwegs","11":"product_cat-wiederverwendbare-strohhalme","12":"product_tag-metalstrawsdishwashersafede","14":"first","15":"instock","16":"shipping-taxable","17":"purchasable","18":"product-type-simple"},"_links":{"self":[{"href":"https:\/\/www.hulistore.eu\/de\/wp-json\/wp\/v2\/product\/33628","targetHints":{"allow":["GET"]}}],"collection":[{"href":"https:\/\/www.hulistore.eu\/de\/wp-json\/wp\/v2\/product"}],"about":[{"href":"https:\/\/www.hulistore.eu\/de\/wp-json\/wp\/v2\/types\/product"}],"version-history":[{"count":0,"href":"https:\/\/www.hulistore.eu\/de\/wp-json\/wp\/v2\/product\/33628\/revisions"}],"wp:featuredmedia":[{"embeddable":true,"href":"https:\/\/www.hulistore.eu\/de\/wp-json\/wp\/v2\/media\/34356"}],"wp:attachment":[{"href":"https:\/\/www.hulistore.eu\/de\/wp-json\/wp\/v2\/media?parent=33628"}],"wp:term":[{"taxonomy":"product_brand","embeddable":true,"href":"https:\/\/www.hulistore.eu\/de\/wp-json\/wp\/v2\/product_brand?post=33628"},{"taxonomy":"product_cat","embeddable":true,"href":"https:\/\/www.hulistore.eu\/de\/wp-json\/wp\/v2\/product_cat?post=33628"},{"taxonomy":"product_tag","embeddable":true,"href":"https:\/\/www.hulistore.eu\/de\/wp-json\/wp\/v2\/product_tag?post=33628"}],"curies":[{"name":"wp","href":"https:\/\/api.w.org\/{rel}","templated":true}]}}