{"id":14617,"date":"2020-08-12T20:19:22","date_gmt":"2020-08-12T19:19:23","guid":{"rendered":"https:\/\/hulistore.eu\/?post_type=product&#038;p=14617"},"modified":"2020-11-19T18:28:57","modified_gmt":"2020-11-19T16:28:57","slug":"couverts-en-bambou-jaune","status":"publish","type":"product","link":"https:\/\/www.hulistore.eu\/fr\/produit\/couverts-en-bambou-jaune\/","title":{"rendered":"Couverts en Bambou Jaune"},"content":{"rendered":"<ul>\n<li>L&#8217;ensemble contient une fourchette, un couteau, une cuill\u00e8re, des baguettes, une paille, un nettoyant pour paille et il est livr\u00e9 dans une pochette de transport \u00e0 fermeture<\/li>\n<li style=\"text-align: left;\">Fabriqu\u00e9 en bambou MOSO (respectueux pour les pandas)<\/li>\n<li style=\"text-align: left;\">Sans produits chimiques<\/li>\n<li style=\"text-align: left;\">Naturellement antibact\u00e9rien et antimicrobien<\/li>\n<li style=\"text-align: left;\">Durable, r\u00e9utilisable et durable<\/li>\n<li style=\"text-align: left;\">Vous pouvez les apporter avec vous dans l&#8217;avion<\/li>\n<li style=\"text-align: left;\">Super l\u00e9ger et facile \u00e0 transporter<\/li>\n<li style=\"text-align: left;\">Longueur 20 cm<\/li>\n<li style=\"text-align: left;\">Laver \u00e0 l&#8217;eau ti\u00e8de savonneuse. Nous vous recommandons de ne pas laver au lave-vaisselle. N&#8217;oubliez pas de laver votre ensemble de couverts en bambou avec du savon \u00e0 vaisselle avant la premi\u00e8re utilisation.<\/li>\n<\/ul>\n","protected":false},"excerpt":{"rendered":"<p>Voyager et sortir ensemble de couverts en bambou convivial vous aidera \u00e0 r\u00e9duire l&#8217;utilisation de couverts en plastique utilis\u00e9s dans les plats \u00e0 emporter et dans le street food.<\/p>\n<p>100% biod\u00e9gradable et compostable<\/p>\n","protected":false},"featured_media":33829,"template":"","meta":{"_monsterinsights_skip_tracking":false,"_monsterinsights_sitenote_active":false,"_monsterinsights_sitenote_note":"","_monsterinsights_sitenote_category":0,"_glsr_average":5,"_glsr_ranking":3.6363636363636,"_glsr_reviews":1},"product_brand":[],"product_cat":[222,343,463,349],"product_tag":[1199],"class_list":{"0":"post-14617","1":"product","2":"type-product","3":"status-publish","4":"has-post-thumbnail","6":"product_cat-a-emporter","7":"product_cat-couverts-en-bambou","8":"product_cat-produits-en-bambou","9":"product_cat-voir-tous-les-produits","10":"product_tag-bamboocutlery-fr","12":"first","13":"instock","14":"shipping-taxable","15":"purchasable","16":"product-type-simple"},"_links":{"self":[{"href":"https:\/\/www.hulistore.eu\/fr\/wp-json\/wp\/v2\/product\/14617","targetHints":{"allow":["GET"]}}],"collection":[{"href":"https:\/\/www.hulistore.eu\/fr\/wp-json\/wp\/v2\/product"}],"about":[{"href":"https:\/\/www.hulistore.eu\/fr\/wp-json\/wp\/v2\/types\/product"}],"version-history":[{"count":0,"href":"https:\/\/www.hulistore.eu\/fr\/wp-json\/wp\/v2\/product\/14617\/revisions"}],"wp:featuredmedia":[{"embeddable":true,"href":"https:\/\/www.hulistore.eu\/fr\/wp-json\/wp\/v2\/media\/33829"}],"wp:attachment":[{"href":"https:\/\/www.hulistore.eu\/fr\/wp-json\/wp\/v2\/media?parent=14617"}],"wp:term":[{"taxonomy":"product_brand","embeddable":true,"href":"https:\/\/www.hulistore.eu\/fr\/wp-json\/wp\/v2\/product_brand?post=14617"},{"taxonomy":"product_cat","embeddable":true,"href":"https:\/\/www.hulistore.eu\/fr\/wp-json\/wp\/v2\/product_cat?post=14617"},{"taxonomy":"product_tag","embeddable":true,"href":"https:\/\/www.hulistore.eu\/fr\/wp-json\/wp\/v2\/product_tag?post=14617"}],"curies":[{"name":"wp","href":"https:\/\/api.w.org\/{rel}","templated":true}]}}