{"id":20714,"date":"2020-11-18T15:21:19","date_gmt":"2020-11-18T14:21:19","guid":{"rendered":"https:\/\/hulistore.eu\/?post_type=product&#038;p=20714"},"modified":"2022-10-11T21:53:28","modified_gmt":"2022-10-11T20:53:28","slug":"paille-en-acier-inoxydable-8mm-doree","status":"publish","type":"product","link":"https:\/\/www.hulistore.eu\/fr\/produit\/paille-en-acier-inoxydable-8mm-doree\/","title":{"rendered":"Paille en Acier Inoxydable 8mm Dor\u00e9e"},"content":{"rendered":"<p>Cette paille vous servira toute une vie et vous aidera \u00e0 r\u00e9duire la consommation de plastique.<\/p>\n<p>Parfaite pour siroter l\u2019eau, les jus, les boissons gazeuses, les cocktails, les smoothies, le caf\u00e9 glac\u00e9 et autres.<\/p>\n<p><strong>diam\u00e8tre : 8<\/strong><strong>\u00a0mm<br \/><\/strong><strong>longueur : 21,5 cm<br \/><\/strong><strong>mod\u00e8le : droite<\/strong><\/p>\n<ul class=\"ul1\">\n<li>Fabriqu\u00e9e en acier inoxydable 18\/8<\/li>\n<li class=\"li1\">Lavable au lave-vaisselle<\/li>\n<li class=\"li1\">Tr\u00e8s durable et r\u00e9sistante<\/li>\n<li class=\"li1\">Bords lisses pour une meilleure consommation de votre boisson<\/li>\n<li class=\"li1\">Ne laisse aucun go\u00fbt m\u00e9talique en bouche<\/li>\n<li class=\"li1\">N&#8217;alt\u00e8re pas le go\u00fbt de la boisson<\/li>\n<li class=\"li1\">Aucun r\u00e9sidu apr\u00e8s lavage<\/li>\n<li>N&#8217;oubliez pas de la laver avec du liquide vaisselle ou au lave-vaisselle avant de l&#8217;utiliser pour la premi\u00e8re fois<\/li>\n<li>Faites\u00a0attention \u00e0 ne pas l\u2019utiliser pour consommer vos boissons trop chaudes, vous risqueriez de vous br\u00fbler<\/li>\n<\/ul>\n","protected":false},"excerpt":{"rendered":"<p>Cette paille vous servira toute une vie et vous aidera \u00e0 r\u00e9duire la consommation de plastique.<\/p>\n<p>Parfaite pour siroter l\u2019eau, les jus, les boissons gazeuses, les cocktails, les smoothies, le caf\u00e9 glac\u00e9 et autres.<\/p>\n<p><strong>diam\u00e8tre : 8 mm <\/strong><br \/><strong>longueur : 21,5 cm<\/strong><br \/><strong>mod\u00e8le : droite<\/strong><\/p>\n","protected":false},"featured_media":34370,"template":"","meta":{"_monsterinsights_skip_tracking":false,"_monsterinsights_sitenote_active":false,"_monsterinsights_sitenote_note":"","_monsterinsights_sitenote_category":0,"_glsr_average":0,"_glsr_ranking":0,"_glsr_reviews":0},"product_brand":[],"product_cat":[444,222,223,351,671,349],"product_tag":[1085],"class_list":{"0":"post-20714","1":"product","2":"type-product","3":"status-publish","4":"has-post-thumbnail","6":"product_cat-8-mm-pailles","7":"product_cat-a-emporter","8":"product_cat-kitchen-fr","9":"product_cat-pailles-reutilisables","10":"product_cat-stainless-steel-straws-fr","11":"product_cat-voir-tous-les-produits","12":"product_tag-metalstrawsdishwashersafefr","14":"first","15":"instock","16":"shipping-taxable","17":"purchasable","18":"product-type-simple"},"_links":{"self":[{"href":"https:\/\/www.hulistore.eu\/fr\/wp-json\/wp\/v2\/product\/20714","targetHints":{"allow":["GET"]}}],"collection":[{"href":"https:\/\/www.hulistore.eu\/fr\/wp-json\/wp\/v2\/product"}],"about":[{"href":"https:\/\/www.hulistore.eu\/fr\/wp-json\/wp\/v2\/types\/product"}],"version-history":[{"count":0,"href":"https:\/\/www.hulistore.eu\/fr\/wp-json\/wp\/v2\/product\/20714\/revisions"}],"wp:featuredmedia":[{"embeddable":true,"href":"https:\/\/www.hulistore.eu\/fr\/wp-json\/wp\/v2\/media\/34370"}],"wp:attachment":[{"href":"https:\/\/www.hulistore.eu\/fr\/wp-json\/wp\/v2\/media?parent=20714"}],"wp:term":[{"taxonomy":"product_brand","embeddable":true,"href":"https:\/\/www.hulistore.eu\/fr\/wp-json\/wp\/v2\/product_brand?post=20714"},{"taxonomy":"product_cat","embeddable":true,"href":"https:\/\/www.hulistore.eu\/fr\/wp-json\/wp\/v2\/product_cat?post=20714"},{"taxonomy":"product_tag","embeddable":true,"href":"https:\/\/www.hulistore.eu\/fr\/wp-json\/wp\/v2\/product_tag?post=20714"}],"curies":[{"name":"wp","href":"https:\/\/api.w.org\/{rel}","templated":true}]}}