{"id":31565,"date":"2022-03-09T15:18:56","date_gmt":"2022-03-09T14:18:57","guid":{"rendered":"https:\/\/hulistore.eu\/?post_type=product&#038;p=31565"},"modified":"2022-10-11T22:20:10","modified_gmt":"2022-10-11T21:20:10","slug":"paille-en-acier-inoxydable-6mm-courbee-blanc-a-pois-noirs","status":"publish","type":"product","link":"https:\/\/www.hulistore.eu\/fr\/produit\/paille-en-acier-inoxydable-6mm-courbee-blanc-a-pois-noirs\/","title":{"rendered":"Paille en Acier Inoxydable 6mm Courb\u00e9e Blanc \u00e0 Pois Noirs"},"content":{"rendered":"<p>Cette paille vous servira toute une vie et vous aidera \u00e0 r\u00e9duire la consommation de plastique.<\/p>\n<p>Parfaite pour siroter l\u2019eau, les jus, les boissons gazeuses, les cocktails, les smoothies, le caf\u00e9 glac\u00e9 et autres.<\/p>\n<p><strong>diam\u00e8tre : 6<\/strong><strong>\u00a0mm<br \/><\/strong><strong>longueur : 21,5 cm<br \/><\/strong><strong>mod\u00e8le : courb\u00e9e<\/strong><\/p>\n<ul class=\"ul1\">\n<li>Fabriqu\u00e9e en acier inoxydable 18\/8<\/li>\n<li class=\"li1\">Lavable au lave-vaisselle<\/li>\n<li class=\"li1\">Tr\u00e8s durable et r\u00e9sistante<\/li>\n<li class=\"li1\">Bords lisses pour une meilleure consommation de votre boisson<\/li>\n<li class=\"li1\">Ne laisse aucun go\u00fbt m\u00e9talique en bouche<\/li>\n<li class=\"li1\">N&#8217;alt\u00e8re pas le go\u00fbt de la boisson<\/li>\n<li class=\"li1\">Aucun r\u00e9sidu apr\u00e8s lavage<\/li>\n<li>N&#8217;oubliez pas de la laver avec du liquide vaisselle ou au lave-vaisselle avant de l&#8217;utiliser pour la premi\u00e8re fois<\/li>\n<li>Faites\u00a0attention \u00e0 ne pas l\u2019utiliser pour consommer vos boissons trop chaudes, vous risqueriez de vous br\u00fbler<\/li>\n<\/ul>\n","protected":false},"excerpt":{"rendered":"<p>Cette paille vous servira toute une vie et vous aidera \u00e0 r\u00e9duire la consommation de plastique.<\/p>\n<p>Parfaite pour siroter l\u2019eau, les jus, les boissons gazeuses, les cocktails, les smoothies, le caf\u00e9 glac\u00e9 et autres.<\/p>\n<p><strong>diam\u00e8tre : 6\u00a0mm <\/strong><br \/><strong>longueur : 21,5 cm<\/strong><br \/><strong>mod\u00e8le : courb\u00e9e<\/strong><\/p>\n","protected":false},"featured_media":34313,"template":"","meta":{"_monsterinsights_skip_tracking":false,"_monsterinsights_sitenote_active":false,"_monsterinsights_sitenote_note":"","_monsterinsights_sitenote_category":0,"_glsr_average":0,"_glsr_ranking":0,"_glsr_reviews":0},"product_brand":[],"product_cat":[441,222,223,351,973,671,349],"product_tag":[971],"class_list":{"0":"post-31565","1":"product","2":"type-product","3":"status-publish","4":"has-post-thumbnail","6":"product_cat-6-mm-pailles","7":"product_cat-a-emporter","8":"product_cat-kitchen-fr","9":"product_cat-pailles-reutilisables","10":"product_cat-pailles-reutilisables-en-motif","11":"product_cat-stainless-steel-straws-fr","12":"product_cat-voir-tous-les-produits","13":"product_tag-nodishwasherstraws-fr","15":"first","16":"outofstock","17":"shipping-taxable","18":"purchasable","19":"product-type-simple"},"_links":{"self":[{"href":"https:\/\/www.hulistore.eu\/fr\/wp-json\/wp\/v2\/product\/31565","targetHints":{"allow":["GET"]}}],"collection":[{"href":"https:\/\/www.hulistore.eu\/fr\/wp-json\/wp\/v2\/product"}],"about":[{"href":"https:\/\/www.hulistore.eu\/fr\/wp-json\/wp\/v2\/types\/product"}],"version-history":[{"count":0,"href":"https:\/\/www.hulistore.eu\/fr\/wp-json\/wp\/v2\/product\/31565\/revisions"}],"wp:featuredmedia":[{"embeddable":true,"href":"https:\/\/www.hulistore.eu\/fr\/wp-json\/wp\/v2\/media\/34313"}],"wp:attachment":[{"href":"https:\/\/www.hulistore.eu\/fr\/wp-json\/wp\/v2\/media?parent=31565"}],"wp:term":[{"taxonomy":"product_brand","embeddable":true,"href":"https:\/\/www.hulistore.eu\/fr\/wp-json\/wp\/v2\/product_brand?post=31565"},{"taxonomy":"product_cat","embeddable":true,"href":"https:\/\/www.hulistore.eu\/fr\/wp-json\/wp\/v2\/product_cat?post=31565"},{"taxonomy":"product_tag","embeddable":true,"href":"https:\/\/www.hulistore.eu\/fr\/wp-json\/wp\/v2\/product_tag?post=31565"}],"curies":[{"name":"wp","href":"https:\/\/api.w.org\/{rel}","templated":true}]}}