{"id":35598,"date":"2022-10-23T16:44:11","date_gmt":"2022-10-23T15:44:13","guid":{"rendered":"https:\/\/hulistore.eu\/?post_type=product&#038;p=35598"},"modified":"2022-10-24T14:44:02","modified_gmt":"2022-10-24T13:44:02","slug":"mousqueton-pour-bouteille-orange","status":"publish","type":"product","link":"https:\/\/www.hulistore.eu\/fr\/produit\/mousqueton-pour-bouteille-orange\/","title":{"rendered":"Mousqueton Pour Bouteille Orange"},"content":{"rendered":"<ul>\n<li class=\"li1\">Fabriqu\u00e9 \u00e0 partir de caoutchouc durable et d&#8217;aluminium<\/li>\n<li class=\"li1\">Utilisez-le pour attacher la bouteille \u00e0 votre sac, \u00e0 un sac \u00e0 dos ou \u00e0 une ceinture<\/li>\n<li class=\"li1\">Convient aux bouteilles de 500 ml et 750 ml<\/li>\n<li class=\"li1\">Pour une installation facile et rapide, retirez le bouchon avant de fixer le mousqueton au goulot de la bouteille<\/li>\n<\/ul>\n<p><strong>Couleur :<\/strong> orange<\/p>\n","protected":false},"excerpt":{"rendered":"<p class=\"p1\">Le mousqueton de Huli est id\u00e9al pour les voyages, la randonn\u00e9e, l&#8217;escalade et les activit\u00e9s quotidiennes.<\/p>\n<p><strong>Couleur :<\/strong> orange<\/p>\n","protected":false},"featured_media":35536,"template":"","meta":{"_monsterinsights_skip_tracking":false,"_monsterinsights_sitenote_active":false,"_monsterinsights_sitenote_note":"","_monsterinsights_sitenote_category":0,"_glsr_average":0,"_glsr_ranking":0,"_glsr_reviews":0},"product_brand":[],"product_cat":[447,467,222,1156,460,350,349],"product_tag":[435],"class_list":{"0":"post-35598","1":"product","2":"type-product","3":"status-publish","4":"has-post-thumbnail","6":"product_cat-500-ml-fr","7":"product_cat-750-ml-fr","8":"product_cat-a-emporter","9":"product_cat-accessoires-de-bouteilles","10":"product_cat-bouteilles-mugs","11":"product_cat-bouteilles-et-gourdes-isothermes","12":"product_cat-voir-tous-les-produits","13":"product_tag-simple-fr","15":"first","16":"outofstock","17":"shipping-taxable","18":"purchasable","19":"product-type-simple"},"_links":{"self":[{"href":"https:\/\/www.hulistore.eu\/fr\/wp-json\/wp\/v2\/product\/35598","targetHints":{"allow":["GET"]}}],"collection":[{"href":"https:\/\/www.hulistore.eu\/fr\/wp-json\/wp\/v2\/product"}],"about":[{"href":"https:\/\/www.hulistore.eu\/fr\/wp-json\/wp\/v2\/types\/product"}],"version-history":[{"count":0,"href":"https:\/\/www.hulistore.eu\/fr\/wp-json\/wp\/v2\/product\/35598\/revisions"}],"wp:featuredmedia":[{"embeddable":true,"href":"https:\/\/www.hulistore.eu\/fr\/wp-json\/wp\/v2\/media\/35536"}],"wp:attachment":[{"href":"https:\/\/www.hulistore.eu\/fr\/wp-json\/wp\/v2\/media?parent=35598"}],"wp:term":[{"taxonomy":"product_brand","embeddable":true,"href":"https:\/\/www.hulistore.eu\/fr\/wp-json\/wp\/v2\/product_brand?post=35598"},{"taxonomy":"product_cat","embeddable":true,"href":"https:\/\/www.hulistore.eu\/fr\/wp-json\/wp\/v2\/product_cat?post=35598"},{"taxonomy":"product_tag","embeddable":true,"href":"https:\/\/www.hulistore.eu\/fr\/wp-json\/wp\/v2\/product_tag?post=35598"}],"curies":[{"name":"wp","href":"https:\/\/api.w.org\/{rel}","templated":true}]}}