{"id":35783,"date":"2022-10-24T16:54:47","date_gmt":"2022-10-24T15:54:51","guid":{"rendered":"https:\/\/hulistore.eu\/?post_type=product&#038;p=35783"},"modified":"2022-10-24T17:32:22","modified_gmt":"2022-10-24T16:32:22","slug":"bouteille-isotherme-ulvi-1000-ml","status":"publish","type":"product","link":"https:\/\/www.hulistore.eu\/fr\/produit\/bouteille-isotherme-ulvi-1000-ml\/","title":{"rendered":"Bouteille Isotherme &#8220;Ulvi&#8221;<br\/>1000 ml"},"content":{"rendered":"<p><strong>La gourde Huli est isotherme, \u00e9cologique, \u00e9tanche, durable, l\u00e9g\u00e8re et tr\u00e8s maniable ! <\/strong><\/p>\n<p class=\"p1\">Elle gardera votre boisson \u00e0 la bonne temp\u00e9rature. Chaud jusqu&#8217;\u00e0 12h et froid jusqu&#8217;\u00e0 24h.<\/p>\n<p><strong>Couleur :<\/strong> menthe pastel clair avec une finition mate-sabl\u00e9e<\/p>\n<p><strong>Capacit\u00e9 : <\/strong>1000 ml<\/p>\n<hr \/>\n<p><strong>Description<\/strong><\/p>\n<ul>\n<li>Maintient la temp\u00e9rature chaude jusqu\u2019\u00e0 12h et froide jusqu\u2019\u00e0 24h<\/li>\n<li>Bouchon \u00e0 vis \u00e9tanche<\/li>\n<li>Sans BPA<\/li>\n<li>Garde la boisson fra\u00eeche et conserve sa saveur<\/li>\n<li>Construction \u00e0 trois couches isol\u00e9es sous vide<\/li>\n<li>Fabriqu\u00e9 en acier inoxydable 304 (18\/8) de la plus haute qualit\u00e9 certifi\u00e9 par les instituts de contr\u00f4le des aliments europ\u00e9ens et am\u00e9ricains<\/li>\n<li>Excellente isolation \u2013 la coque ext\u00e9rieure maintient la temp\u00e9rature ambiante m\u00eame si une boisson tr\u00e8s chaude ou froide est \u00e0 l\u2019int\u00e9rieur<\/li>\n<li>La vapeur ne se condense pas sur la l\u2019ext\u00e9rieur \u2013 l\u2019int\u00e9rieur de votre sac \u00e0 dos ou sac \u00e0 main restera toujours sec!<\/li>\n<li>100% s\u00fbr \u2013 convient \u00e9galement aux enfants<\/li>\n<li>Hauteur 32 cm, poids 580 g<\/li>\n<\/ul>\n<p><strong>Comment utiliser ma bouteille isotherme? <\/strong><\/p>\n<p>Comme avec toutes sortes de bouteilles isothermes, pour \u00e9viter toute fuite, remplissez-la de boisson uniquement jusqu&#8217;au goulot de la bouteille afin qu&#8217;il reste de la place pour le bouchon. Sinon, le bouchon poussera le liquide vers le haut et il ne se scellera pas correctement.<\/p>\n<p><strong>Comment entretenir ma bouteille isotherme? <\/strong><\/p>\n<p>Laver \u00e0 la main avec du liquide vaisselle. Ne pas mettre au\u00a0lave-vaisselle, micro-ondes, au four ou au cong\u00e9lateur.<\/p>\n","protected":false},"excerpt":{"rendered":"<p><strong>La bouteille Huli est isotherme, \u00e9cologique, \u00e9tanche, durable, l\u00e9g\u00e8re et tr\u00e8s maniable !<\/strong><\/p>\n<p class=\"p1\">Elle gardera votre boisson \u00e0 la bonne temp\u00e9rature. Chaud jusqu&#8217;\u00e0 12h et froid jusqu&#8217;\u00e0 24h.<\/p>\n<p><strong>Couleur :<\/strong> menthe pastel clair avec une finition mate-sabl\u00e9e<\/p>\n<p><strong>1000 ml\u00a0<\/strong><\/p>\n","protected":false},"featured_media":34127,"template":"","meta":{"_monsterinsights_skip_tracking":false,"_monsterinsights_sitenote_active":false,"_monsterinsights_sitenote_note":"","_monsterinsights_sitenote_category":0,"_glsr_average":0,"_glsr_ranking":0,"_glsr_reviews":0},"product_brand":[],"product_cat":[470,222,460,350,451,486,349],"product_tag":[1115,392],"class_list":{"0":"post-35783","1":"product","2":"type-product","3":"status-publish","4":"has-post-thumbnail","6":"product_cat-1000-ml-fr","7":"product_cat-a-emporter","8":"product_cat-bouteilles-mugs","9":"product_cat-bouteilles-et-gourdes-isothermes","10":"product_cat-new-age-bouteilles","11":"product_cat-thermal-bottles-new-age-1000ml-dishwasher-safe-fr","12":"product_cat-voir-tous-les-produits","13":"product_tag-bottle1000mlpowdercoatingfr","14":"product_tag-colathermalbottle-fr","16":"first","17":"outofstock","18":"shipping-taxable","19":"purchasable","20":"product-type-simple"},"_links":{"self":[{"href":"https:\/\/www.hulistore.eu\/fr\/wp-json\/wp\/v2\/product\/35783","targetHints":{"allow":["GET"]}}],"collection":[{"href":"https:\/\/www.hulistore.eu\/fr\/wp-json\/wp\/v2\/product"}],"about":[{"href":"https:\/\/www.hulistore.eu\/fr\/wp-json\/wp\/v2\/types\/product"}],"version-history":[{"count":0,"href":"https:\/\/www.hulistore.eu\/fr\/wp-json\/wp\/v2\/product\/35783\/revisions"}],"wp:featuredmedia":[{"embeddable":true,"href":"https:\/\/www.hulistore.eu\/fr\/wp-json\/wp\/v2\/media\/34127"}],"wp:attachment":[{"href":"https:\/\/www.hulistore.eu\/fr\/wp-json\/wp\/v2\/media?parent=35783"}],"wp:term":[{"taxonomy":"product_brand","embeddable":true,"href":"https:\/\/www.hulistore.eu\/fr\/wp-json\/wp\/v2\/product_brand?post=35783"},{"taxonomy":"product_cat","embeddable":true,"href":"https:\/\/www.hulistore.eu\/fr\/wp-json\/wp\/v2\/product_cat?post=35783"},{"taxonomy":"product_tag","embeddable":true,"href":"https:\/\/www.hulistore.eu\/fr\/wp-json\/wp\/v2\/product_tag?post=35783"}],"curies":[{"name":"wp","href":"https:\/\/api.w.org\/{rel}","templated":true}]}}