{"id":37287,"date":"2024-01-16T22:04:18","date_gmt":"2024-01-16T21:04:18","guid":{"rendered":"https:\/\/www.hulistore.eu\/?post_type=product&#038;p=37287"},"modified":"2024-01-16T22:40:18","modified_gmt":"2024-01-16T21:40:18","slug":"mug-isotherme-oydis","status":"publish","type":"product","link":"https:\/\/www.hulistore.eu\/fr\/produit\/mug-isotherme-oydis\/","title":{"rendered":"Mug Isotherme<\/br>&#8220;Oydis&#8221;"},"content":{"rendered":"<p><strong>Le Huli Mug est isotherme, \u00e9cologique, anti-\u00e9claboussures, r\u00e9sistant aux \u00e9claboussures ( \u00e9tanche), durable, l\u00e9g\u00e8r et tr\u00e8s maniable ! <\/strong><\/p>\n<p>Il maintiendra votre boisson \u00e0 la bonne temp\u00e9rature !<br \/>\nChaud pendant 3+ heures et froid pendant 7+ heures.<\/p>\n<p><strong>Couleur :<\/strong> bleu acier fonc\u00e9 avec une finition mate-sabl\u00e9e<\/p>\n<p><strong>Contenance :<\/strong> 350 ml<\/p>\n<hr \/>\n<p><strong><br \/>\nDescription<\/strong><\/p>\n<ul>\n<li>Garde la boisson chaude pendant plus de 3 heures et froide pendant plus de 7 heures<\/li>\n<li>Anti-d\u00e9versement avec un couvercle \u00e9tanche<\/li>\n<li>Sans BPA<\/li>\n<li>Garde la boisson fra\u00eeche et conserve sa saveur<\/li>\n<li>Construction \u00e0 trois couches isol\u00e9es sous vide<\/li>\n<li>Fabriqu\u00e9 en acier inoxydable 304 (18\/8) de la plus haute qualit\u00e9<\/li>\n<li>Excellente isolation \u2013 la coque ext\u00e9rieure maintient la temp\u00e9rature ambiante m\u00eame si une boisson tr\u00e8s chaude ou froide est \u00e0 l\u2019int\u00e9rieur<\/li>\n<li>La vapeur ne se condense pas sur la l\u2019ext\u00e9rieur \u2013 l\u2019int\u00e9rieur de votre sac \u00e0 dos ou sac \u00e0 main restera toujours sec!<\/li>\n<li>100% s\u00fbr \u2013 convient \u00e9galement aux enfants<\/li>\n<li>Fly-friendly &#8211; il suffit de vider le mug avant de passer le contr\u00f4le de s\u00e9curit\u00e9. Vous pouvez le recharger par la suite avant de monter dans un avion.<\/li>\n<li>Capacit\u00e9 de 350 ml<\/li>\n<li>12 cm de hauteur, 228 g de poids<\/li>\n<\/ul>\n<p>&nbsp;<\/p>\n<p><strong>Composition:<\/strong><\/p>\n<p>Le mug isotherme Huli est fabriqu\u00e9e \u00e0 partir de l\u2019acier inoxydable de qualit\u00e9 sup\u00e9rieure 304 (18\/8).<\/p>\n<p>Contact alimentaire avec l\u2019inox.<\/p>\n<p>Sa construction \u00e0 trois couches isol\u00e9e sous vide.<\/p>\n<p>Il est tr\u00e8s r\u00e9sistant, l\u00e9g\u00e8r et facile \u00e0 nettoyer.<\/p>\n<p>12cm de hauteur, 228 g de poids<\/p>\n<p>&nbsp;<\/p>\n<p><strong>Utilisation &amp; Entretien:<\/strong><\/p>\n<p>Lorsque vous versez votre boisson dans le gobelet, n&#8217;oubliez pas de laisser de la place pour le couvercle. Sinon, la boisson se retrouvera entre le couvercle et la paroi du gobelet.<\/p>\n<p>Lavez votre gobelet apr\u00e8s chaque utilisation avec du savon \u00e0 vaisselle ordinaire et laissez-le s\u00e9cher.<\/p>\n<p>Un nettoyage r\u00e9gulier de votre gobelet vous assurera de pr\u00e9server le go\u00fbt et la fra\u00eecheur de votre boisson.<\/p>\n<p>Lorsque vous n&#8217;utilisez pas Huli Tumbler, il est pr\u00e9f\u00e9rable de le ranger ouvert, sans le couvercle.<\/p>\n<p>Ne pas mettre au micro-ondes, ni au lave-vaisselle, ni au four, ni au cong\u00e9lateur.<\/p>\n<p>Ne pas trop remplir. Pour \u00e9viter toute fuite, veuillez remplir la bouteille de boisson uniquement jusqu&#8217;au goulot afin qu&#8217;il reste de la place pour le bouchon.<\/p>\n<p>&nbsp;<\/p>\n<div id=\"gtx-trans\" style=\"position: absolute; left: 77px; top: 176px;\">\n<div class=\"gtx-trans-icon\"><\/div>\n<\/div>\n","protected":false},"excerpt":{"rendered":"<p><strong>Le Huli Mug est isotherme, \u00e9cologique, anti-\u00e9claboussures, r\u00e9sistant aux \u00e9claboussures ( \u00e9tanche), durable, l\u00e9g\u00e8re et tr\u00e8s maniable ! <\/strong><\/p>\n<p>Il maintiendra votre boisson \u00e0 la bonne temp\u00e9rature !<br \/>\nChaud pendant 3+ heures et froid pendant 7+ heures.<\/p>\n<p><strong>Couleur :<\/strong> bleu acier fonc\u00e9 avec une finition mate-sabl\u00e9e<\/p>\n<p><strong>Contenance :<\/strong> 350 ml<\/p>\n<div id=\"gtx-trans\" style=\"position: absolute; left: 78px; top: 166px;\">\n<div class=\"gtx-trans-icon\"><\/div>\n<\/div>\n","protected":false},"featured_media":37133,"template":"","meta":{"_monsterinsights_skip_tracking":false,"_monsterinsights_sitenote_active":false,"_monsterinsights_sitenote_note":"","_monsterinsights_sitenote_category":0,"_glsr_average":0,"_glsr_ranking":0,"_glsr_reviews":0},"product_brand":[],"product_cat":[222,460,365,948,349],"product_tag":[1321,1325],"class_list":{"0":"post-37287","1":"product","2":"type-product","3":"status-publish","4":"has-post-thumbnail","6":"product_cat-a-emporter","7":"product_cat-bouteilles-mugs","8":"product_cat-mugs-isothermes","9":"product_cat-mugs-isothermes-en-forme-doeuf","10":"product_cat-voir-tous-les-produits","11":"product_tag-newtumbler-fr","12":"product_tag-tumbler-fr","14":"first","15":"outofstock","16":"shipping-taxable","17":"purchasable","18":"product-type-simple"},"_links":{"self":[{"href":"https:\/\/www.hulistore.eu\/fr\/wp-json\/wp\/v2\/product\/37287","targetHints":{"allow":["GET"]}}],"collection":[{"href":"https:\/\/www.hulistore.eu\/fr\/wp-json\/wp\/v2\/product"}],"about":[{"href":"https:\/\/www.hulistore.eu\/fr\/wp-json\/wp\/v2\/types\/product"}],"version-history":[{"count":1,"href":"https:\/\/www.hulistore.eu\/fr\/wp-json\/wp\/v2\/product\/37287\/revisions"}],"predecessor-version":[{"id":37309,"href":"https:\/\/www.hulistore.eu\/fr\/wp-json\/wp\/v2\/product\/37287\/revisions\/37309"}],"wp:featuredmedia":[{"embeddable":true,"href":"https:\/\/www.hulistore.eu\/fr\/wp-json\/wp\/v2\/media\/37133"}],"wp:attachment":[{"href":"https:\/\/www.hulistore.eu\/fr\/wp-json\/wp\/v2\/media?parent=37287"}],"wp:term":[{"taxonomy":"product_brand","embeddable":true,"href":"https:\/\/www.hulistore.eu\/fr\/wp-json\/wp\/v2\/product_brand?post=37287"},{"taxonomy":"product_cat","embeddable":true,"href":"https:\/\/www.hulistore.eu\/fr\/wp-json\/wp\/v2\/product_cat?post=37287"},{"taxonomy":"product_tag","embeddable":true,"href":"https:\/\/www.hulistore.eu\/fr\/wp-json\/wp\/v2\/product_tag?post=37287"}],"curies":[{"name":"wp","href":"https:\/\/api.w.org\/{rel}","templated":true}]}}